{"id":10,"date":"2024-10-16T17:53:21","date_gmt":"2024-10-16T17:53:21","guid":{"rendered":"https:\/\/studio.vividmusic.eu\/?page_id=10"},"modified":"2025-05-02T18:16:30","modified_gmt":"2025-05-02T18:16:30","slug":"elementor-10","status":"publish","type":"page","link":"https:\/\/studio.vividmusic.eu\/","title":{"rendered":""},"content":{"rendered":"\n<div class=\"wp-block-group alignfull has-global-padding is-layout-constrained wp-block-group-is-layout-constrained\">\n<div class=\"wp-block-cover alignfull is-light\" style=\"padding-top:var(--wp--preset--spacing--30);padding-right:var(--wp--preset--spacing--30);padding-bottom:var(--wp--preset--spacing--30);padding-left:var(--wp--preset--spacing--30);min-height:720px;aspect-ratio:unset;\"><video class=\"wp-block-cover__video-background intrinsic-ignore\" autoplay muted loop playsinline src=\"https:\/\/studio.vividmusic.eu\/wp-content\/uploads\/2024\/10\/Studio-24-2K.mp4\" data-object-fit=\"cover\"><\/video><span aria-hidden=\"true\" class=\"wp-block-cover__background has-black-background-color has-background-dim\"><\/span><div class=\"wp-block-cover__inner-container is-layout-flow wp-block-cover-is-layout-flow\">\n<div style=\"height:1vw\" aria-hidden=\"true\" class=\"wp-block-spacer\"><\/div>\n\n\n\n<div class=\"wp-block-group alignwide has-base-color has-text-color has-link-color wp-elements-bdb33e9f6e5aa61e4e5bb3a869ddff06 is-content-justification-space-between is-layout-flex wp-container-core-group-is-layout-90883fd4 wp-block-group-is-layout-flex\" style=\"margin-top:0;margin-bottom:0\">\n<div class=\"wp-block-group is-layout-flex wp-block-group-is-layout-flex\"><div class=\"is-default-size is-style-default wp-block-site-logo\"><a href=\"https:\/\/studio.vividmusic.eu\/\" class=\"custom-logo-link\" rel=\"home\"><img loading=\"lazy\" decoding=\"async\" width=\"2668\" height=\"1080\" src=\"https:\/\/studio.vividmusic.eu\/wp-content\/uploads\/2024\/10\/Vivid-Logo-Pastel-Orange-Purple.png\" class=\"custom-logo\" alt=\"Vivid Studio\" srcset=\"https:\/\/studio.vividmusic.eu\/wp-content\/uploads\/2024\/10\/Vivid-Logo-Pastel-Orange-Purple.png 2668w, https:\/\/studio.vividmusic.eu\/wp-content\/uploads\/2024\/10\/Vivid-Logo-Pastel-Orange-Purple-300x121.png 300w, https:\/\/studio.vividmusic.eu\/wp-content\/uploads\/2024\/10\/Vivid-Logo-Pastel-Orange-Purple-1024x415.png 1024w, https:\/\/studio.vividmusic.eu\/wp-content\/uploads\/2024\/10\/Vivid-Logo-Pastel-Orange-Purple-768x311.png 768w, https:\/\/studio.vividmusic.eu\/wp-content\/uploads\/2024\/10\/Vivid-Logo-Pastel-Orange-Purple-1536x622.png 1536w, https:\/\/studio.vividmusic.eu\/wp-content\/uploads\/2024\/10\/Vivid-Logo-Pastel-Orange-Purple-2048x829.png 2048w\" sizes=\"auto, (max-width: 2668px) 100vw, 2668px\" \/><\/a><\/div><\/div>\n\n\n<nav style=\"color: #6500ff;\" class=\"has-text-color has-background has-contrast-background-color has-small-font-size is-responsive items-justified-right wp-block-navigation is-content-justification-right is-layout-flex wp-container-core-navigation-is-layout-f665d2b5 wp-block-navigation-is-layout-flex\" aria-label=\"Navigation\" \n\t\t data-wp-interactive=\"core\/navigation\" data-wp-context='{\"overlayOpenedBy\":{\"click\":false,\"hover\":false,\"focus\":false},\"type\":\"overlay\",\"roleAttribute\":\"\",\"ariaLabel\":\"Valikko\"}'><button aria-haspopup=\"dialog\" aria-label=\"Avaa valikko\" class=\"wp-block-navigation__responsive-container-open\" \n\t\t\t\tdata-wp-on-async--click=\"actions.openMenuOnClick\"\n\t\t\t\tdata-wp-on--keydown=\"actions.handleMenuKeydown\"\n\t\t\t><svg width=\"24\" height=\"24\" xmlns=\"http:\/\/www.w3.org\/2000\/svg\" viewBox=\"0 0 24 24\" aria-hidden=\"true\" focusable=\"false\"><rect x=\"4\" y=\"7.5\" width=\"16\" height=\"1.5\" \/><rect x=\"4\" y=\"15\" width=\"16\" height=\"1.5\" \/><\/svg><\/button>\n\t\t\t\t<div class=\"wp-block-navigation__responsive-container  has-text-color has-base-2-color has-background has-contrast-background-color\"  id=\"modal-1\" \n\t\t\t\tdata-wp-class--has-modal-open=\"state.isMenuOpen\"\n\t\t\t\tdata-wp-class--is-menu-open=\"state.isMenuOpen\"\n\t\t\t\tdata-wp-watch=\"callbacks.initMenu\"\n\t\t\t\tdata-wp-on--keydown=\"actions.handleMenuKeydown\"\n\t\t\t\tdata-wp-on-async--focusout=\"actions.handleMenuFocusout\"\n\t\t\t\ttabindex=\"-1\"\n\t\t\t>\n\t\t\t\t\t<div class=\"wp-block-navigation__responsive-close\" tabindex=\"-1\">\n\t\t\t\t\t\t<div class=\"wp-block-navigation__responsive-dialog\" \n\t\t\t\tdata-wp-bind--aria-modal=\"state.ariaModal\"\n\t\t\t\tdata-wp-bind--aria-label=\"state.ariaLabel\"\n\t\t\t\tdata-wp-bind--role=\"state.roleAttribute\"\n\t\t\t>\n\t\t\t\t\t\t\t<button aria-label=\"Sulje valikko\" class=\"wp-block-navigation__responsive-container-close\" \n\t\t\t\tdata-wp-on-async--click=\"actions.closeMenuOnClick\"\n\t\t\t><svg xmlns=\"http:\/\/www.w3.org\/2000\/svg\" viewBox=\"0 0 24 24\" width=\"24\" height=\"24\" aria-hidden=\"true\" focusable=\"false\"><path d=\"m13.06 12 6.47-6.47-1.06-1.06L12 10.94 5.53 4.47 4.47 5.53 10.94 12l-6.47 6.47 1.06 1.06L12 13.06l6.47 6.47 1.06-1.06L13.06 12Z\"><\/path><\/svg><\/button>\n\t\t\t\t\t\t\t<div class=\"wp-block-navigation__responsive-container-content\" \n\t\t\t\tdata-wp-watch=\"callbacks.focusFirstElement\"\n\t\t\t id=\"modal-1-content\">\n\t\t\t\t\t\t\t\t\n\t\t\t\t\t\t\t<\/div>\n\t\t\t\t\t\t<\/div>\n\t\t\t\t\t<\/div>\n\t\t\t\t<\/div><\/nav><\/div>\n\n\n\n<div style=\"height:492px\" aria-hidden=\"true\" class=\"wp-block-spacer\"><\/div>\n\n\n\n<div style=\"height:100px;width:0px\" aria-hidden=\"true\" class=\"wp-block-spacer\"><\/div>\n<\/div><\/div>\n<\/div>\n\n\n\n<div class=\"wp-block-group alignfull has-base-2-color has-contrast-background-color has-text-color has-background has-link-color wp-elements-cc9adfde2bc98b451d49b53da98a7ac2 has-global-padding is-layout-constrained wp-container-core-group-is-layout-facafb6f wp-block-group-is-layout-constrained\" style=\"margin-top:0;margin-bottom:0;padding-top:var(--wp--preset--spacing--50);padding-right:var(--wp--preset--spacing--50);padding-bottom:var(--wp--preset--spacing--50);padding-left:var(--wp--preset--spacing--50)\">\n<div class=\"wp-block-group is-vertical is-nowrap is-layout-flex wp-container-core-group-is-layout-36fd9ea3 wp-block-group-is-layout-flex\" style=\"padding-right:0;padding-left:0\">\n<p class=\"has-base-2-color has-text-color\" style=\"font-size:6vw;font-style:normal;font-weight:700;letter-spacing:0px;line-height:0.9;text-decoration:none;text-transform:none\">Moneen taipuva<\/p>\n\n\n\n<h6 class=\"wp-block-heading has-base-color has-text-color\" id=\"ecosystem\" style=\"font-size:clamp(14px, 0.875rem + ((1vw - 3.2px) * 0.208), 16px);\">EKOSYSTEEMI.<\/h6>\n\n\n\n<div class=\"wp-block-group alignwide is-vertical is-nowrap is-layout-flex wp-container-core-group-is-layout-7946b6b8 wp-block-group-is-layout-flex\" style=\"padding-top:0;padding-right:0;padding-bottom:0;padding-left:0\">\n<div class=\"wp-block-columns alignwide is-layout-flex wp-container-core-columns-is-layout-21b20327 wp-block-columns-is-layout-flex\">\n<div class=\"wp-block-column is-layout-flow wp-block-column-is-layout-flow\" style=\"flex-basis:33.38%\">\n<p class=\"has-base-2-color has-text-color has-medium-font-size\">Vivid Studio on Helsingin syd\u00e4mest\u00e4 l\u00f6ytyv\u00e4 urbaani audioty\u00f6skentelyyn tarkoitettu ty\u00f6tila, joka on varusteltu laadukkain puittein. Ei en\u00e4\u00e4 h\u00e4myisi\u00e4 kellareita tai kliinisi\u00e4 toimistoja.<\/p>\n<\/div>\n<\/div>\n\n\n\n<div class=\"wp-block-columns alignwide is-layout-flex wp-container-core-columns-is-layout-c24efe4f wp-block-columns-is-layout-flex\">\n<div class=\"wp-block-column is-layout-flow wp-block-column-is-layout-flow\" style=\"flex-basis:69%\">\n<figure class=\"wp-block-image size-large is-resized is-style-rounded is-style-rounded--2\"><img loading=\"lazy\" decoding=\"async\" width=\"1024\" height=\"1024\" src=\"https:\/\/studio.vividmusic.eu\/wp-content\/uploads\/2024\/10\/IMG_2268-1024x1024.jpeg\" alt=\"\" class=\"wp-image-67\" style=\"width:400px\" srcset=\"https:\/\/studio.vividmusic.eu\/wp-content\/uploads\/2024\/10\/IMG_2268-1024x1024.jpeg 1024w, https:\/\/studio.vividmusic.eu\/wp-content\/uploads\/2024\/10\/IMG_2268-300x300.jpeg 300w, https:\/\/studio.vividmusic.eu\/wp-content\/uploads\/2024\/10\/IMG_2268-150x150.jpeg 150w, https:\/\/studio.vividmusic.eu\/wp-content\/uploads\/2024\/10\/IMG_2268-768x768.jpeg 768w, https:\/\/studio.vividmusic.eu\/wp-content\/uploads\/2024\/10\/IMG_2268-1536x1536.jpeg 1536w, https:\/\/studio.vividmusic.eu\/wp-content\/uploads\/2024\/10\/IMG_2268-2048x2048.jpeg 2048w\" sizes=\"auto, (max-width: 1024px) 100vw, 1024px\" \/><\/figure>\n<\/div>\n\n\n\n<div class=\"wp-block-column is-vertically-aligned-center is-layout-flow wp-block-column-is-layout-flow\" style=\"flex-basis:33%\">\n<p class=\"has-base-2-color has-text-color has-medium-font-size\" style=\"font-style:normal;font-weight:400\">Tilamme on optimoitu moderniin musiikin tuotantoon ja ne sopivat moneen eri k\u00e4ytt\u00f6tarkoitukseen. Halusitpa sitten pois makkarista toteuttamaan omia musiikillisia haaveita, k\u00e4ynnist\u00e4m\u00e4\u00e4n ensimm\u00e4ist\u00e4 podcastia tai j\u00e4rjest\u00e4m\u00e4\u00e4n laulukoulua, we got you covered!<\/p>\n<\/div>\n<\/div>\n<\/div>\n<\/div>\n\n\n\n<div class=\"wp-block-columns alignwide is-layout-flex wp-container-core-columns-is-layout-d1c656ed wp-block-columns-is-layout-flex\">\n<div class=\"wp-block-column is-vertically-aligned-stretch is-layout-flow wp-block-column-is-layout-flow\" style=\"padding-right:0;flex-basis:60%\">\n<div class=\"wp-block-group is-vertical is-content-justification-stretch is-layout-flex wp-container-core-group-is-layout-ae24f51d wp-block-group-is-layout-flex\" style=\"min-height:100%\">\n<figure class=\"wp-block-image size-large is-resized is-style-rounded is-style-rounded--3\"><img loading=\"lazy\" decoding=\"async\" width=\"1024\" height=\"1024\" src=\"https:\/\/studio.vividmusic.eu\/wp-content\/uploads\/2024\/10\/IMG_0419-1024x1024.jpeg\" alt=\"\" class=\"wp-image-68\" style=\"aspect-ratio:1;object-fit:cover;width:300px\" srcset=\"https:\/\/studio.vividmusic.eu\/wp-content\/uploads\/2024\/10\/IMG_0419-1024x1024.jpeg 1024w, https:\/\/studio.vividmusic.eu\/wp-content\/uploads\/2024\/10\/IMG_0419-300x300.jpeg 300w, https:\/\/studio.vividmusic.eu\/wp-content\/uploads\/2024\/10\/IMG_0419-150x150.jpeg 150w, https:\/\/studio.vividmusic.eu\/wp-content\/uploads\/2024\/10\/IMG_0419-768x768.jpeg 768w, https:\/\/studio.vividmusic.eu\/wp-content\/uploads\/2024\/10\/IMG_0419-1536x1536.jpeg 1536w, https:\/\/studio.vividmusic.eu\/wp-content\/uploads\/2024\/10\/IMG_0419-2048x2048.jpeg 2048w\" sizes=\"auto, (max-width: 1024px) 100vw, 1024px\" \/><\/figure>\n\n\n\n<div class=\"wp-block-group is-layout-flow wp-block-group-is-layout-flow\">\n<p class=\"has-medium-font-size\">Tarjoamme k\u00e4ytt\u00f6\u00f6si monipuolisen sovelluskirjaston, josta l\u00f6ytyy ty\u00f6kaluja musiikin tuotannosta videoiden muokkaamiseen. Tila on katettu my\u00f6s verkkoyhteydell\u00e4, joten my\u00f6s livestreamaaminen on mahdollista. Tilasta l\u00f6ytyy oma WC, j\u00e4\u00e4kaappi sek\u00e4 ruokailualue, joten puitteet ovat valmiit my\u00f6s pidempiin vierailuihin. Vuokraamme tilaa sek\u00e4 lyhyeen -ett\u00e4 pitk\u00e4aikaiseen k\u00e4ytt\u00f6\u00f6n. Lue lis\u00e4\u00e4 alta koko varustelusta sek\u00e4 hinnoittelumallistamme.&nbsp;<\/p>\n<\/div>\n<\/div>\n<\/div>\n\n\n\n<div class=\"wp-block-column is-layout-flow wp-block-column-is-layout-flow\" style=\"flex-basis:40%\">\n<div class=\"wp-block-group has-global-padding is-layout-constrained wp-block-group-is-layout-constrained\">\n<p class=\"has-xx-large-font-size\" style=\"font-style:normal;font-weight:700;line-height:1.2\">Laadukkaat ty\u00f6kalut<\/p>\n\n\n\n<p class=\"has-heading-font-family has-small-font-size\" style=\"font-style:normal;font-weight:300;line-height:1.2\">TY\u00d6SKENTELYYN<\/p>\n\n\n\n<p class=\"has-medium-font-size\" style=\"font-style:normal;font-weight:400;line-height:1.2\">Tilamme on katettu ensiluokkaisilla ty\u00f6kaluilla, jotta voit keskitty\u00e4 itse asiaan. Yhteisk\u00e4yt\u00f6st\u00e4 l\u00f6ytyy Mac Pro -tietokone, joka on varusteltu laajalla ohjelmistokirjastolla audion tuotanto, miksaaminen sek\u00e4 masterointi silm\u00e4ll\u00e4 pit\u00e4en. J\u00e4rjestelm\u00e4\u00e4n on mahdollista liitt\u00e4\u00e4 oma Thunderbolt -yhteensopiva tietokone.<\/p>\n\n\n\n<figure class=\"wp-block-image size-large is-resized is-style-rounded is-style-rounded--4\"><img loading=\"lazy\" decoding=\"async\" width=\"1024\" height=\"1024\" src=\"https:\/\/studio.vividmusic.eu\/wp-content\/uploads\/2024\/10\/IMG_2282-1-1024x1024.jpeg\" alt=\"\" class=\"wp-image-70\" style=\"aspect-ratio:1;object-fit:cover;width:300px\" srcset=\"https:\/\/studio.vividmusic.eu\/wp-content\/uploads\/2024\/10\/IMG_2282-1-1024x1024.jpeg 1024w, https:\/\/studio.vividmusic.eu\/wp-content\/uploads\/2024\/10\/IMG_2282-1-300x300.jpeg 300w, https:\/\/studio.vividmusic.eu\/wp-content\/uploads\/2024\/10\/IMG_2282-1-150x150.jpeg 150w, https:\/\/studio.vividmusic.eu\/wp-content\/uploads\/2024\/10\/IMG_2282-1-768x768.jpeg 768w, https:\/\/studio.vividmusic.eu\/wp-content\/uploads\/2024\/10\/IMG_2282-1-1536x1536.jpeg 1536w, https:\/\/studio.vividmusic.eu\/wp-content\/uploads\/2024\/10\/IMG_2282-1-2048x2048.jpeg 2048w\" sizes=\"auto, (max-width: 1024px) 100vw, 1024px\" \/><\/figure>\n\n\n\n<p class=\"has-medium-font-size\" style=\"font-style:normal;font-weight:400;line-height:1.2\"><\/p>\n<\/div>\n<\/div>\n<\/div>\n\n\n\n<div style=\"height:var(--wp--preset--spacing--40)\" aria-hidden=\"true\" class=\"wp-block-spacer\"><\/div>\n\n\n\n<div class=\"wp-block-columns is-layout-flex wp-container-core-columns-is-layout-28f84493 wp-block-columns-is-layout-flex\">\n<div class=\"wp-block-column is-layout-flow wp-block-column-is-layout-flow\">\n<div class=\"wp-block-group is-layout-flow wp-block-group-is-layout-flow\">\n<p class=\"has-xx-large-font-size\" style=\"font-style:normal;font-weight:700;line-height:1.2\">Varustelu<\/p>\n\n\n\n<p class=\"has-heading-font-family has-small-font-size\" style=\"font-style:normal;font-weight:300;line-height:1.2\"><strong>LAITTEISTO<\/strong><\/p>\n\n\n\n<p class=\"has-small-font-size\" style=\"font-style:normal;font-weight:400;line-height:1.2\">-Kaksialueinen monitorointi Amphion Argon 2 kaiuttimilla &amp; Cambridge CXA61 vahvistimella<\/p>\n\n\n\n<p class=\"has-small-font-size\">-Kaksialueinen alataajuuksien toisto DSP kalibroinnilla<\/p>\n\n\n\n<p class=\"has-small-font-size\">-Akai Advance 61 &amp; MPC Studio MIDI kontrollerit<\/p>\n\n\n\n<p class=\"has-small-font-size\">-SSL2+ &amp; Focusrite Liquid Saffire 56 \u00e4\u00e4nikortit<\/p>\n\n\n\n<p class=\"has-small-font-size\">-Shure SM7B, Rode NT-1 mikrofonit<\/p>\n\n\n\n<p class=\"has-small-font-size\">-Pioneer CDJ2000nexus soittimet<\/p>\n\n\n\n<p class=\"has-small-font-size\">-Technics SL1210mk2 soittimet<\/p>\n\n\n\n<p class=\"has-small-font-size\">-Allen &amp; Heath Xone43C mikseri<\/p>\n\n\n\n<p class=\"has-small-font-size\" style=\"font-style:normal;font-weight:400;line-height:1.2\">-CalDigit TS3 Plus Thunderbolt -telakka<\/p>\n\n\n\n<p class=\"has-medium-font-size\" style=\"font-style:normal;font-weight:400;line-height:1.2\"><\/p>\n\n\n\n<p class=\"has-heading-font-family has-small-font-size\" style=\"font-style:normal;font-weight:300;line-height:1.2\"><strong>SOFTA<\/strong><\/p>\n\n\n\n<p class=\"has-small-font-size\" style=\"font-style:normal;font-weight:400;line-height:1.2\">-Logic Pro, Ableton Live 10, FL Studio, GarageBand DAW:t<\/p>\n\n\n\n<p class=\"has-small-font-size\">-Final Cut, Motion, OBS videoiden editoimiseen<\/p>\n\n\n\n<p class=\"has-small-font-size\">-Solid State Logic Complete<\/p>\n\n\n\n<p class=\"has-small-font-size\">-Slate Digital All Access Pass<\/p>\n\n\n\n<p class=\"has-small-font-size\" style=\"font-style:normal;font-weight:400;line-height:1.2\">-Liuta virtuaali-instrumenttej\u00e4<\/p>\n\n\n\n<p class=\"has-heading-font-family has-small-font-size\" style=\"font-style:normal;font-weight:300;line-height:1.2\"><strong>HINNOITTELU<\/strong><\/p>\n\n\n\n<p class=\"has-small-font-size\" style=\"font-style:normal;font-weight:400;line-height:1.2\"><strong>Pidempiaikainen<\/strong> vuokrausmallimme kattaa kaksi (2) itsen\u00e4ist\u00e4 vuoroa viikossa. Vuoro on valintasi mukaan joko p\u00e4iv\u00e4vuoro (8-16) tai iltavuoro (16-00). Ajankohdasta sovitaan yhteisen Google-kalenterin avulla. Hinta: 300\u20ac\/kk ALV 0%. Mallissa on kahden (2) kuukauden takuuvuokra sek\u00e4 yhden (1) kuukauden irtisanomisaika. Laskutettava palvelu.<\/p>\n\n\n\n<p class=\"has-small-font-size\" style=\"font-style:normal;font-weight:400;line-height:1.2\"><strong>Lyhytaikainen <\/strong>vuokrausmallimme kattaa yhden ilta -tai p\u00e4iv\u00e4vuoron arkip\u00e4ivin\u00e4 yll\u00e4olevien aikaikkunoiden puitteissa, jonka ajankohdasta on sovittu erikseen.&nbsp; Yhden vuoron hinta on 100\u20ac + ALV 25,5%. Lyhytaikaisessa vuokrauksessa hinta maksetaan aina ennen omaa vuoroa.<br><\/p>\n\n\n\n<div style=\"height:var(--wp--preset--spacing--40)\" aria-hidden=\"true\" class=\"wp-block-spacer\"><\/div>\n<\/div>\n<\/div>\n<\/div>\n<\/div>\n","protected":false},"excerpt":{"rendered":"<p>Moneen taipuva EKOSYSTEEMI. Vivid Studio on Helsingin syd\u00e4mest\u00e4 l\u00f6ytyv\u00e4 urbaani audioty\u00f6skentelyyn tarkoitettu ty\u00f6tila, joka on varusteltu laadukkain puittein. Ei en\u00e4\u00e4 h\u00e4myisi\u00e4 kellareita tai kliinisi\u00e4 toimistoja. Tilamme on optimoitu moderniin musiikin tuotantoon ja ne sopivat moneen eri k\u00e4ytt\u00f6tarkoitukseen. Halusitpa sitten pois makkarista toteuttamaan omia musiikillisia haaveita, k\u00e4ynnist\u00e4m\u00e4\u00e4n ensimm\u00e4ist\u00e4 podcastia tai j\u00e4rjest\u00e4m\u00e4\u00e4n laulukoulua, we got you covered! [&hellip;]<\/p>\n","protected":false},"author":1,"featured_media":0,"parent":0,"menu_order":0,"comment_status":"closed","ping_status":"closed","template":"","meta":{"footnotes":""},"class_list":["post-10","page","type-page","status-publish","hentry"],"_links":{"self":[{"href":"https:\/\/studio.vividmusic.eu\/index.php\/wp-json\/wp\/v2\/pages\/10","targetHints":{"allow":["GET"]}}],"collection":[{"href":"https:\/\/studio.vividmusic.eu\/index.php\/wp-json\/wp\/v2\/pages"}],"about":[{"href":"https:\/\/studio.vividmusic.eu\/index.php\/wp-json\/wp\/v2\/types\/page"}],"author":[{"embeddable":true,"href":"https:\/\/studio.vividmusic.eu\/index.php\/wp-json\/wp\/v2\/users\/1"}],"replies":[{"embeddable":true,"href":"https:\/\/studio.vividmusic.eu\/index.php\/wp-json\/wp\/v2\/comments?post=10"}],"version-history":[{"count":35,"href":"https:\/\/studio.vividmusic.eu\/index.php\/wp-json\/wp\/v2\/pages\/10\/revisions"}],"predecessor-version":[{"id":91,"href":"https:\/\/studio.vividmusic.eu\/index.php\/wp-json\/wp\/v2\/pages\/10\/revisions\/91"}],"wp:attachment":[{"href":"https:\/\/studio.vividmusic.eu\/index.php\/wp-json\/wp\/v2\/media?parent=10"}],"curies":[{"name":"wp","href":"https:\/\/api.w.org\/{rel}","templated":true}]}}